{"id":1494,"date":"2026-01-27T14:27:21","date_gmt":"2026-01-27T14:27:21","guid":{"rendered":"https:\/\/cyan-eagle-284148.hostingersite.com\/avis-legal\/"},"modified":"2026-01-28T10:37:05","modified_gmt":"2026-01-28T10:37:05","slug":"avis-legal","status":"publish","type":"page","link":"https:\/\/atalisfunding.com\/ca\/avis-legal\/","title":{"rendered":"Av\u00eds legal"},"content":{"rendered":"[vc_row type=&#8221;in_container&#8221; full_screen_row_position=&#8221;middle&#8221; column_margin=&#8221;default&#8221; column_direction=&#8221;default&#8221; column_direction_tablet=&#8221;default&#8221; column_direction_phone=&#8221;default&#8221; scene_position=&#8221;center&#8221; text_color=&#8221;dark&#8221; text_align=&#8221;left&#8221; row_border_radius=&#8221;none&#8221; row_border_radius_applies=&#8221;bg&#8221; row_position_desktop=&#8221;default&#8221; row_position_tablet=&#8221;inherit&#8221; row_position_phone=&#8221;inherit&#8221; overflow=&#8221;visible&#8221; overlay_strength=&#8221;0.3&#8243; gradient_direction=&#8221;left_to_right&#8221; shape_divider_position=&#8221;bottom&#8221; bg_image_animation=&#8221;none&#8221;][vc_column column_padding=&#8221;no-extra-padding&#8221; column_padding_tablet=&#8221;inherit&#8221; column_padding_phone=&#8221;inherit&#8221; column_padding_position=&#8221;all&#8221; flex_gap_desktop=&#8221;10px&#8221; column_element_direction_desktop=&#8221;default&#8221; column_element_spacing=&#8221;default&#8221; desktop_text_alignment=&#8221;default&#8221; tablet_text_alignment=&#8221;default&#8221; phone_text_alignment=&#8221;default&#8221; background_color_opacity=&#8221;1&#8243; background_hover_color_opacity=&#8221;1&#8243; column_backdrop_filter=&#8221;none&#8221; column_shadow=&#8221;none&#8221; column_border_radius=&#8221;none&#8221; column_link_target=&#8221;_self&#8221; column_position=&#8221;default&#8221; gradient_direction=&#8221;left_to_right&#8221; overlay_strength=&#8221;0.3&#8243; width=&#8221;1\/1&#8243; tablet_width_inherit=&#8221;default&#8221; animation_type=&#8221;default&#8221; bg_image_animation=&#8221;none&#8221; border_type=&#8221;simple&#8221; column_border_width=&#8221;none&#8221; column_border_style=&#8221;solid&#8221;][nectar_responsive_text inherited_font_style=&#8221;h1&#8243; text_color=&#8221;#020347&#8243; text_direction=&#8221;default&#8221;]\n<h1>Av\u00eds legal<\/h1>\n[\/nectar_responsive_text][nectar_responsive_text inherited_font_style=&#8221;p&#8221; text_color=&#8221;#020347&#8243; text_direction=&#8221;default&#8221;]Si us plau, llegiu tots els apartats d&#8217;aquest Av\u00eds Legal abans d&#8217;utilitzar aquest lloc web. Les condicions seg\u00fcents s\u00f3n vinculants per a qualsevol usuari del mateix. <\/p>\n<p>En compliment del deure d&#8217;informaci\u00f3 que estableix la Llei 34\/2002 de Serveis de la Societat de la Informaci\u00f3 i el Comer\u00e7 Electr\u00f2nic (LSSI-CE) d&#8217;11 de juliol, a continuaci\u00f3 es faciliten les dades d&#8217;informaci\u00f3 general seg\u00fcents d&#8217;aquest lloc web.<\/p>\n<p>La ra\u00f3 d&#8217;aquest text \u00e9s explicar-vos de manera detallada les funcionalitats d&#8217;aquesta web i aportar-vos aquella informaci\u00f3 relacionada amb el titular de la web i la finalitat dels continguts inclosos en ella.<br \/>\n[\/nectar_responsive_text][nectar_responsive_text inherited_font_style=&#8221;p&#8221; text_color=&#8221;#020347&#8243; text_direction=&#8221;default&#8221;]\n<h3><strong>DADES IDENTIFICACI\u00d3<\/strong><\/h3>\n<p>Aquest Av\u00eds Legal regula l&#8217;\u00fas del servei del lloc web <a href=\"https:\/\/atalisfunding.com\/es\/\">https:\/\/atalisfunding.com\/ca\/<\/a> informant-vos, en compliment de la Llei 34\/2002, d&#8217;11 de juliol, de Serveis de la Societat de la Informaci\u00f3 i de Comer\u00e7 Electr\u00f2nic, dels aspectes seg\u00fcents: <\/p>\n<ul>\n<li><strong>Nom de l&#8217;empresa:<\/strong> Link Gesti\u00f3 del Coneixement, S.L. (d&#8217;ara endavant, Atalis Funding)<\/li>\n<li><strong>Adre\u00e7a:<\/strong> Avinguda des camp verd, 4, Planta baixa, 07730, Alaior, Baleares<\/li>\n<li><strong>Correu electr\u00f2nic:<\/strong> <a href=\"mailto:hola@atalisfunding.com\" target=\"_blank\" rel=\"noopener\">hola@atalisfunding.com<\/a><\/li>\n<li><strong>Tel\u00e8fon de contacte:<\/strong> 937 37 94 90<\/li>\n<li><strong>CIF:<\/strong> B64433436<\/li>\n<li><strong>Dades registrals:<\/strong> Registre Mercantil de Menorca, Tom 175, foli 177 i full IM-6950.<\/li>\n<li><strong>Representant legal:<\/strong> Oriol Buch i Ros<\/li>\n<\/ul>\n[\/nectar_responsive_text][nectar_responsive_text inherited_font_style=&#8221;p&#8221; text_color=&#8221;#020347&#8243; text_direction=&#8221;default&#8221;]\n<h3><strong>\u00daS DEL LLOC WEB I OBLIGACIONS DELS USUARIS<\/strong><\/h3>\n<p>L&#8217;usuari es compromet a utilitzar el lloc web, el contingut i els serveis, sense contravenir la legislaci\u00f3 vigent, els usos generalment acceptats i l&#8217;ordre p\u00fablic. Queda prohibit l&#8217;\u00fas del lloc web amb finalitats il\u00b7l\u00edcites o lesives contra Atalis Funding o un tercer que, de qualsevol forma, puguin causar perjudici o impedir el normal \u00fas del lloc web. <\/p>\n<p>Atalis Funding garanteix que els continguts i serveis que ofereix el portal respecten el principi de dignitat de la persona, de protecci\u00f3 de la joventut i la inf\u00e0ncia, de no-discriminaci\u00f3 per motius de ra\u00e7a, sexe, religi\u00f3, opini\u00f3, nacionalitat, discapacitat o qualsevol altre aspecte personal i social.<\/p>\n<p>Aquestes Condicions Generals d&#8217;\u00das del lloc web no confereixen a l&#8217;usuari cap altre dret d&#8217;\u00fas, alteraci\u00f3, explotaci\u00f3, reproducci\u00f3, distribuci\u00f3 o comunicaci\u00f3 p\u00fablica dels continguts del lloc web diferents dels que aqu\u00ed s&#8217;han previst expressament.<\/p>\n<p>Els continguts (informaci\u00f3, fitxers de so i\/o imatge, fotografies, dissenys, etc.) recollits al portal s\u00f3n propietat d&#8217;Atalis Funding o aquesta es troba degudament autoritzada per a la seva difusi\u00f3 pels seus leg\u00edtims titulars.<\/p>\n<p>Atalis Funding es compromet a no realitzar publicitat enganyosa i, per tant, queda prohibit:<\/p>\n<ul>\n<li>L&#8217;\u00fas per a tot tipus de finalitats comercials o publicit\u00e0ries, diferents de les estrictament permeses.<\/li>\n<li>La seva reproducci\u00f3, publicaci\u00f3, distribuci\u00f3 o modificaci\u00f3, total o parcial, tret que es compti amb l&#8217;autoritzaci\u00f3 pr\u00e8via i per escrit dels seus leg\u00edtims titulars o resulti legalment perm\u00e8s.<\/li>\n<li>Qualsevol vulneraci\u00f3 dels drets d&#8217;Atalis Funding o dels seus leg\u00edtims titulars sobre els mateixos.<\/li>\n<\/ul>\n[\/nectar_responsive_text][nectar_responsive_text inherited_font_style=&#8221;p&#8221; text_color=&#8221;#020347&#8243; text_direction=&#8221;default&#8221;]\n<h3><strong>PROPIETAT INTEL\u00b7LECTUAL I INDUSTRIAL<\/strong><\/h3>\n<p>L&#8217;usuari reconeix i accepta que tots els drets de propietat industrial i intel\u00b7lectual sobre els continguts i\/o qualssevol altres elements inserits al lloc web pertanyen a Atalis Funding o aquesta es troba degudament autoritzada per a la seva difusi\u00f3 en aquest lloc web.<\/p>\n<p>En el cas que un usuari o un tercer considerin que s&#8217;ha produ\u00eft una violaci\u00f3 dels seus leg\u00edtims drets de propietat intel\u00b7lectual per la introducci\u00f3 d&#8217;un determinat contingut a la website, haur\u00e0 de notificar aquesta circumst\u00e0ncia a Atalis Funding indicant:<\/p>\n<ul>\n<li>Dades del titular dels drets presumptament infringits, o indicar la representaci\u00f3 amb qu\u00e8 actua en cas que la reclamaci\u00f3 la presenti un tercer diferent de l&#8217;interessat.<\/li>\n<li>Senyalar els continguts protegits pels drets de propietat intel\u00b7lectual i la seva ubicaci\u00f3 al web, l&#8217;acreditaci\u00f3 dels drets de propietat intel\u00b7lectual assenyalats i declaraci\u00f3 expressa en qu\u00e8 l&#8217;interessat es responsabilitza de la veracitat de les informacions facilitades a la notificaci\u00f3.<\/li>\n<\/ul>\n[\/nectar_responsive_text][nectar_responsive_text inherited_font_style=&#8221;p&#8221; text_color=&#8221;#020347&#8243; text_direction=&#8221;default&#8221;]\n<h3><strong>ENLLA\u00c7OS<\/strong><\/h3>\n<p>Aquest lloc web proporciona enlla\u00e7os a altres llocs web propis i continguts que s\u00f3n propietat de tercers.<\/p>\n<p>L&#8217;\u00fanic objecte dels enlla\u00e7os \u00e9s proporcionar a l&#8217;usuari la possibilitat d&#8217;accedir a aquests enlla\u00e7os. Atalis Funding no es responsabilitza en cap cas dels resultats que puguin derivar-se a l&#8217;usuari per l&#8217;acc\u00e9s a aquests enlla\u00e7os. <\/p>\n<p>L&#8217;usuari que es proposi establir qualsevol dispositiu t\u00e8cnic d&#8217;enlla\u00e7 des del seu lloc web al portal haur\u00e0 d&#8217;obtenir l&#8217;autoritzaci\u00f3 pr\u00e8via i escrita d&#8217;Atalis Funding. L&#8217;establiment de l&#8217;enlla\u00e7 no implica en cap cas l&#8217;exist\u00e8ncia de relacions entre Atalis Funding i el propietari del lloc on s&#8217;estableixi l&#8217;enlla\u00e7, ni l&#8217;acceptaci\u00f3 o aprovaci\u00f3 per part d&#8217;Atalis Funding dels seus continguts o serveis. <\/p>\n<p>El lloc web on s&#8217;estableixi l&#8217;enlla\u00e7 no contindr\u00e0 cap marca, denominaci\u00f3, logotip, esl\u00f2gan o altres signes distintius pertanyents a Atalis Funding, tret dels expressament autoritzats.[\/nectar_responsive_text][nectar_responsive_text inherited_font_style=&#8221;p&#8221; text_color=&#8221;#020347&#8243; text_direction=&#8221;default&#8221;]\n<h3><strong>MODIFICACI\u00d3 UNILATERAL I DURADA<\/strong><\/h3>\n<p>Atalis Funding es reserva el dret de modificar, en qualsevol moment i sense necessitat de previ av\u00eds, la presentaci\u00f3 i configuraci\u00f3 del lloc web aix\u00ed com aquest Av\u00eds Legal.[\/nectar_responsive_text][nectar_responsive_text inherited_font_style=&#8221;p&#8221; text_color=&#8221;#020347&#8243; text_direction=&#8221;default&#8221;]\n<h3><strong>EXCLUSI\u00d3 DE GARANTIES I RESPONSABILITAT<\/strong><\/h3>\n<p>Atalis Funding no atorga cap garantia ni es fa responsable, en cap cas, dels danys i perjudicis de qualsevol naturalesa que poguessin ocasionar a causa de:<\/p>\n<ul>\n<li>La manca de disponibilitat, manteniment i efectiu funcionament del web i\/o dels seus serveis o continguts.<\/li>\n<li>L&#8217;exist\u00e8ncia de virus, programes maliciosos o lesius en els continguts.<\/li>\n<li>L&#8217;\u00fas il\u00b7l\u00edcit, negligent, fraudulent, contrari a aquestes condicions, a la bona fe, als usos generalment acceptats o a l&#8217;ordre p\u00fablic, del lloc web, els seus serveis o continguts, per part dels usuaris.<\/li>\n<\/ul>\n[\/nectar_responsive_text][nectar_responsive_text inherited_font_style=&#8221;p&#8221; text_color=&#8221;#020347&#8243; text_direction=&#8221;default&#8221;]\n<h3><strong>TRACTAMENT DE DADES PERSONALS<\/strong><\/h3>\n<p>Atalis Funding, tal com recull a la seva \u201cPOL\u00cdTICA DE PRIVACITAT\u201d que podeu consultar en aquest lloc web, ha adoptat els nivells de seguretat adequats a les dades que tracta i gestiona, incorporant tots els mitjans i mesures t\u00e8cniques al seu abast per garantir-ne la confidencialitat, evitar-ne el mal \u00fas, la p\u00e8rdua, l&#8217;alteraci\u00f3, l&#8217;acc\u00e9s no autoritzat i el robatori.[\/nectar_responsive_text][nectar_responsive_text inherited_font_style=&#8221;p&#8221; text_color=&#8221;#020347&#8243; text_direction=&#8221;default&#8221;]\n<h3><strong>LEGISLACI\u00d3 APLICABLE I JURISDICCI\u00d3<\/strong><\/h3>\n<p>Per a la resoluci\u00f3 de totes les controv\u00e8rsies o q\u00fcestions relacionades amb aquest lloc web o de les activitats que s&#8217;hi desenvolupen, ser\u00e0 d&#8217;aplicaci\u00f3 la legislaci\u00f3 espanyola, a la qual se sotmeten expressament les parts, i seran competents per a la resoluci\u00f3 de tots els conflictes derivats o relacionats amb el seu \u00fas els jutjats i tribunals del domicili del demandant que s&#8217;identifiqui com a consumidor; en cas contrari, els jutjats i tribunals competents seran els de la ciutat de les Balears (Espanya).[\/nectar_responsive_text][nectar_responsive_text inherited_font_style=&#8221;p&#8221; text_color=&#8221;#020347&#8243; text_direction=&#8221;default&#8221;]\n<h3>CONTACTE<\/h3>\n<p>En cas que qualsevol usuari tingu\u00e9s algun dubte sobre aquest av\u00eds legal o qualsevol comentari sobre el mateix, pot dirigir-se a <a href=\"mailto:team@atalisfunding.com\" target=\"_blank\" rel=\"noopener\">team@atalisfunding.com<\/a> o enviar una comunicaci\u00f3 escrita a l&#8217;adre\u00e7a que consta a l&#8217;encap\u00e7alament.[\/nectar_responsive_text][\/vc_column][\/vc_row]\n","protected":false},"excerpt":{"rendered":"<p>[vc_row type=&#8221;in_container&#8221; full_screen_row_position=&#8221;middle&#8221; column_margin=&#8221;default&#8221; column_direction=&#8221;default&#8221; column_direction_tablet=&#8221;default&#8221; column_direction_phone=&#8221;default&#8221; scene_position=&#8221;center&#8221; text_color=&#8221;dark&#8221; text_align=&#8221;left&#8221; row_border_radius=&#8221;none&#8221; row_border_radius_applies=&#8221;bg&#8221; row_position_desktop=&#8221;default&#8221; row_position_tablet=&#8221;inherit&#8221; row_position_phone=&#8221;inherit&#8221; overflow=&#8221;visible&#8221; overlay_strength=&#8221;0.3&#8243; gradient_direction=&#8221;left_to_right&#8221; shape_divider_position=&#8221;bottom&#8221; bg_image_animation=&#8221;none&#8221;][vc_column column_padding=&#8221;no-extra-padding&#8221; column_padding_tablet=&#8221;inherit&#8221; column_padding_phone=&#8221;inherit&#8221; column_padding_position=&#8221;all&#8221; flex_gap_desktop=&#8221;10px&#8221; column_element_direction_desktop=&#8221;default&#8221; column_element_spacing=&#8221;default&#8221; desktop_text_alignment=&#8221;default&#8221; tablet_text_alignment=&#8221;default&#8221; phone_text_alignment=&#8221;default&#8221;&#8230;<\/p>\n","protected":false},"author":1,"featured_media":0,"parent":0,"menu_order":8,"comment_status":"closed","ping_status":"closed","template":"","meta":{"footnotes":""},"class_list":["post-1494","page","type-page","status-publish"],"yoast_head":"<!-- This site is optimized with the Yoast SEO Premium plugin v26.2 (Yoast SEO v26.8) - https:\/\/yoast.com\/product\/yoast-seo-premium-wordpress\/ -->\n<title>Av\u00eds legal - Atalis Funding<\/title>\n<meta name=\"robots\" content=\"index, follow, max-snippet:-1, max-image-preview:large, max-video-preview:-1\" \/>\n<link rel=\"canonical\" href=\"https:\/\/atalisfunding.com\/ca\/avis-legal\/\" \/>\n<meta property=\"og:locale\" content=\"ca_ES\" \/>\n<meta property=\"og:type\" content=\"article\" \/>\n<meta property=\"og:title\" content=\"Av\u00eds legal\" \/>\n<meta property=\"og:description\" content=\"[vc_row type=&#8221;in_container&#8221; full_screen_row_position=&#8221;middle&#8221; column_margin=&#8221;default&#8221; column_direction=&#8221;default&#8221; column_direction_tablet=&#8221;default&#8221; column_direction_phone=&#8221;default&#8221; scene_position=&#8221;center&#8221; text_color=&#8221;dark&#8221; text_align=&#8221;left&#8221; row_border_radius=&#8221;none&#8221; row_border_radius_applies=&#8221;bg&#8221; row_position_desktop=&#8221;default&#8221; row_position_tablet=&#8221;inherit&#8221; row_position_phone=&#8221;inherit&#8221; overflow=&#8221;visible&#8221; overlay_strength=&#8221;0.3&#8243; gradient_direction=&#8221;left_to_right&#8221; shape_divider_position=&#8221;bottom&#8221; bg_image_animation=&#8221;none&#8221;][vc_column column_padding=&#8221;no-extra-padding&#8221; column_padding_tablet=&#8221;inherit&#8221; column_padding_phone=&#8221;inherit&#8221; column_padding_position=&#8221;all&#8221; flex_gap_desktop=&#8221;10px&#8221; column_element_direction_desktop=&#8221;default&#8221; column_element_spacing=&#8221;default&#8221; desktop_text_alignment=&#8221;default&#8221; tablet_text_alignment=&#8221;default&#8221; phone_text_alignment=&#8221;default&#8221;...\" \/>\n<meta property=\"og:url\" content=\"https:\/\/atalisfunding.com\/ca\/avis-legal\/\" \/>\n<meta property=\"og:site_name\" content=\"Atalis Funding\" \/>\n<meta property=\"article:modified_time\" content=\"2026-01-28T10:37:05+00:00\" \/>\n<meta name=\"twitter:card\" content=\"summary_large_image\" \/>\n<meta name=\"twitter:site\" content=\"@atalisfunding\" \/>\n<meta name=\"twitter:label1\" content=\"Temps estimat de lectura\" \/>\n\t<meta name=\"twitter:data1\" content=\"7 minuts\" \/>\n<script type=\"application\/ld+json\" class=\"yoast-schema-graph\">{\"@context\":\"https:\/\/schema.org\",\"@graph\":[{\"@type\":\"WebPage\",\"@id\":\"https:\/\/atalisfunding.com\/ca\/avis-legal\/\",\"url\":\"https:\/\/atalisfunding.com\/ca\/avis-legal\/\",\"name\":\"Av\u00eds legal - Atalis Funding\",\"isPartOf\":{\"@id\":\"https:\/\/atalisfunding.com\/ca\/#website\"},\"datePublished\":\"2026-01-27T14:27:21+00:00\",\"dateModified\":\"2026-01-28T10:37:05+00:00\",\"breadcrumb\":{\"@id\":\"https:\/\/atalisfunding.com\/ca\/avis-legal\/#breadcrumb\"},\"inLanguage\":\"ca\",\"potentialAction\":[{\"@type\":\"ReadAction\",\"target\":[\"https:\/\/atalisfunding.com\/ca\/avis-legal\/\"]}]},{\"@type\":\"BreadcrumbList\",\"@id\":\"https:\/\/atalisfunding.com\/ca\/avis-legal\/#breadcrumb\",\"itemListElement\":[{\"@type\":\"ListItem\",\"position\":1,\"name\":\"Home\",\"item\":\"https:\/\/atalisfunding.com\/ca\/\"},{\"@type\":\"ListItem\",\"position\":2,\"name\":\"Av\u00eds legal\"}]},{\"@type\":\"WebSite\",\"@id\":\"https:\/\/atalisfunding.com\/ca\/#website\",\"url\":\"https:\/\/atalisfunding.com\/ca\/\",\"name\":\"Atalis Funding\",\"description\":\"\",\"publisher\":{\"@id\":\"https:\/\/atalisfunding.com\/ca\/#organization\"},\"potentialAction\":[{\"@type\":\"SearchAction\",\"target\":{\"@type\":\"EntryPoint\",\"urlTemplate\":\"https:\/\/atalisfunding.com\/ca\/?s={search_term_string}\"},\"query-input\":{\"@type\":\"PropertyValueSpecification\",\"valueRequired\":true,\"valueName\":\"search_term_string\"}}],\"inLanguage\":\"ca\"},{\"@type\":\"Organization\",\"@id\":\"https:\/\/atalisfunding.com\/ca\/#organization\",\"name\":\"Atalis Funding\",\"url\":\"https:\/\/atalisfunding.com\/ca\/\",\"logo\":{\"@type\":\"ImageObject\",\"inLanguage\":\"ca\",\"@id\":\"https:\/\/atalisfunding.com\/ca\/#\/schema\/logo\/image\/\",\"url\":\"https:\/\/atalisfunding.com\/wp-content\/uploads\/2025\/12\/logo-atalis.svg\",\"contentUrl\":\"https:\/\/atalisfunding.com\/wp-content\/uploads\/2025\/12\/logo-atalis.svg\",\"width\":1347,\"height\":241,\"caption\":\"Atalis Funding\"},\"image\":{\"@id\":\"https:\/\/atalisfunding.com\/ca\/#\/schema\/logo\/image\/\"},\"sameAs\":[\"https:\/\/x.com\/atalisfunding\",\"https:\/\/bsky.app\/profile\/atalisfunding.bsky.social\",\"https:\/\/www.linkedin.com\/company\/atalis-funding\/\"]}]}<\/script>\n<!-- \/ Yoast SEO Premium plugin. -->","yoast_head_json":{"title":"Av\u00eds legal - Atalis Funding","robots":{"index":"index","follow":"follow","max-snippet":"max-snippet:-1","max-image-preview":"max-image-preview:large","max-video-preview":"max-video-preview:-1"},"canonical":"https:\/\/atalisfunding.com\/ca\/avis-legal\/","og_locale":"ca_ES","og_type":"article","og_title":"Av\u00eds legal","og_description":"[vc_row type=&#8221;in_container&#8221; full_screen_row_position=&#8221;middle&#8221; column_margin=&#8221;default&#8221; column_direction=&#8221;default&#8221; column_direction_tablet=&#8221;default&#8221; column_direction_phone=&#8221;default&#8221; scene_position=&#8221;center&#8221; text_color=&#8221;dark&#8221; text_align=&#8221;left&#8221; row_border_radius=&#8221;none&#8221; row_border_radius_applies=&#8221;bg&#8221; row_position_desktop=&#8221;default&#8221; row_position_tablet=&#8221;inherit&#8221; row_position_phone=&#8221;inherit&#8221; overflow=&#8221;visible&#8221; overlay_strength=&#8221;0.3&#8243; gradient_direction=&#8221;left_to_right&#8221; shape_divider_position=&#8221;bottom&#8221; bg_image_animation=&#8221;none&#8221;][vc_column column_padding=&#8221;no-extra-padding&#8221; column_padding_tablet=&#8221;inherit&#8221; column_padding_phone=&#8221;inherit&#8221; column_padding_position=&#8221;all&#8221; flex_gap_desktop=&#8221;10px&#8221; column_element_direction_desktop=&#8221;default&#8221; column_element_spacing=&#8221;default&#8221; desktop_text_alignment=&#8221;default&#8221; tablet_text_alignment=&#8221;default&#8221; phone_text_alignment=&#8221;default&#8221;...","og_url":"https:\/\/atalisfunding.com\/ca\/avis-legal\/","og_site_name":"Atalis Funding","article_modified_time":"2026-01-28T10:37:05+00:00","twitter_card":"summary_large_image","twitter_site":"@atalisfunding","twitter_misc":{"Temps estimat de lectura":"7 minuts"},"schema":{"@context":"https:\/\/schema.org","@graph":[{"@type":"WebPage","@id":"https:\/\/atalisfunding.com\/ca\/avis-legal\/","url":"https:\/\/atalisfunding.com\/ca\/avis-legal\/","name":"Av\u00eds legal - Atalis Funding","isPartOf":{"@id":"https:\/\/atalisfunding.com\/ca\/#website"},"datePublished":"2026-01-27T14:27:21+00:00","dateModified":"2026-01-28T10:37:05+00:00","breadcrumb":{"@id":"https:\/\/atalisfunding.com\/ca\/avis-legal\/#breadcrumb"},"inLanguage":"ca","potentialAction":[{"@type":"ReadAction","target":["https:\/\/atalisfunding.com\/ca\/avis-legal\/"]}]},{"@type":"BreadcrumbList","@id":"https:\/\/atalisfunding.com\/ca\/avis-legal\/#breadcrumb","itemListElement":[{"@type":"ListItem","position":1,"name":"Home","item":"https:\/\/atalisfunding.com\/ca\/"},{"@type":"ListItem","position":2,"name":"Av\u00eds legal"}]},{"@type":"WebSite","@id":"https:\/\/atalisfunding.com\/ca\/#website","url":"https:\/\/atalisfunding.com\/ca\/","name":"Atalis Funding","description":"","publisher":{"@id":"https:\/\/atalisfunding.com\/ca\/#organization"},"potentialAction":[{"@type":"SearchAction","target":{"@type":"EntryPoint","urlTemplate":"https:\/\/atalisfunding.com\/ca\/?s={search_term_string}"},"query-input":{"@type":"PropertyValueSpecification","valueRequired":true,"valueName":"search_term_string"}}],"inLanguage":"ca"},{"@type":"Organization","@id":"https:\/\/atalisfunding.com\/ca\/#organization","name":"Atalis Funding","url":"https:\/\/atalisfunding.com\/ca\/","logo":{"@type":"ImageObject","inLanguage":"ca","@id":"https:\/\/atalisfunding.com\/ca\/#\/schema\/logo\/image\/","url":"https:\/\/atalisfunding.com\/wp-content\/uploads\/2025\/12\/logo-atalis.svg","contentUrl":"https:\/\/atalisfunding.com\/wp-content\/uploads\/2025\/12\/logo-atalis.svg","width":1347,"height":241,"caption":"Atalis Funding"},"image":{"@id":"https:\/\/atalisfunding.com\/ca\/#\/schema\/logo\/image\/"},"sameAs":["https:\/\/x.com\/atalisfunding","https:\/\/bsky.app\/profile\/atalisfunding.bsky.social","https:\/\/www.linkedin.com\/company\/atalis-funding\/"]}]}},"_links":{"self":[{"href":"https:\/\/atalisfunding.com\/ca\/wp-json\/wp\/v2\/pages\/1494","targetHints":{"allow":["GET"]}}],"collection":[{"href":"https:\/\/atalisfunding.com\/ca\/wp-json\/wp\/v2\/pages"}],"about":[{"href":"https:\/\/atalisfunding.com\/ca\/wp-json\/wp\/v2\/types\/page"}],"author":[{"embeddable":true,"href":"https:\/\/atalisfunding.com\/ca\/wp-json\/wp\/v2\/users\/1"}],"replies":[{"embeddable":true,"href":"https:\/\/atalisfunding.com\/ca\/wp-json\/wp\/v2\/comments?post=1494"}],"version-history":[{"count":2,"href":"https:\/\/atalisfunding.com\/ca\/wp-json\/wp\/v2\/pages\/1494\/revisions"}],"predecessor-version":[{"id":1496,"href":"https:\/\/atalisfunding.com\/ca\/wp-json\/wp\/v2\/pages\/1494\/revisions\/1496"}],"wp:attachment":[{"href":"https:\/\/atalisfunding.com\/ca\/wp-json\/wp\/v2\/media?parent=1494"}],"curies":[{"name":"wp","href":"https:\/\/api.w.org\/{rel}","templated":true}]}}