{"id":1388,"date":"2025-10-30T09:59:42","date_gmt":"2025-10-30T09:59:42","guid":{"rendered":"https:\/\/cyan-eagle-284148.hostingersite.com\/politica-de-privadesa\/"},"modified":"2026-01-26T09:56:24","modified_gmt":"2026-01-26T09:56:24","slug":"politica-de-privadesa","status":"publish","type":"page","link":"https:\/\/atalisfunding.com\/ca\/politica-de-privadesa\/","title":{"rendered":"Pol\u00edtica de privadesa"},"content":{"rendered":"[vc_row type=&#8221;in_container&#8221; full_screen_row_position=&#8221;middle&#8221; column_margin=&#8221;default&#8221; column_direction=&#8221;default&#8221; column_direction_tablet=&#8221;default&#8221; column_direction_phone=&#8221;default&#8221; scene_position=&#8221;center&#8221; text_color=&#8221;dark&#8221; text_align=&#8221;left&#8221; row_border_radius=&#8221;none&#8221; row_border_radius_applies=&#8221;bg&#8221; row_position_desktop=&#8221;default&#8221; row_position_tablet=&#8221;inherit&#8221; row_position_phone=&#8221;inherit&#8221; overflow=&#8221;visible&#8221; overlay_strength=&#8221;0.3&#8243; gradient_direction=&#8221;left_to_right&#8221; shape_divider_position=&#8221;bottom&#8221; bg_image_animation=&#8221;none&#8221;][vc_column column_padding=&#8221;no-extra-padding&#8221; column_padding_tablet=&#8221;inherit&#8221; column_padding_phone=&#8221;inherit&#8221; column_padding_position=&#8221;all&#8221; flex_gap_desktop=&#8221;10px&#8221; column_element_direction_desktop=&#8221;default&#8221; column_element_spacing=&#8221;default&#8221; desktop_text_alignment=&#8221;default&#8221; tablet_text_alignment=&#8221;default&#8221; phone_text_alignment=&#8221;default&#8221; background_color_opacity=&#8221;1&#8243; background_hover_color_opacity=&#8221;1&#8243; column_backdrop_filter=&#8221;none&#8221; column_shadow=&#8221;none&#8221; column_border_radius=&#8221;none&#8221; column_link_target=&#8221;_self&#8221; column_position=&#8221;default&#8221; gradient_direction=&#8221;left_to_right&#8221; overlay_strength=&#8221;0.3&#8243; width=&#8221;1\/1&#8243; tablet_width_inherit=&#8221;default&#8221; animation_type=&#8221;default&#8221; bg_image_animation=&#8221;none&#8221; border_type=&#8221;simple&#8221; column_border_width=&#8221;none&#8221; column_border_style=&#8221;solid&#8221;][nectar_responsive_text inherited_font_style=&#8221;h1&#8243; text_color=&#8221;#020347&#8243; text_direction=&#8221;default&#8221;]\n<h1>Pol\u00edtica de privadesa<\/h1>\n[\/nectar_responsive_text][nectar_responsive_text inherited_font_style=&#8221;p&#8221; text_color=&#8221;#020347&#8243; text_direction=&#8221;default&#8221;]\n<h3><strong>QUI \u00c9S EL RESPONSABLE DEL TRACTAMENT DE LES SEVES DADES?<\/strong><\/h3>\n<ul>\n<li><strong>RESPONSABLE DEL TRACTAMENT <\/strong>de les seves dades \u00e9s: Link Gesti\u00f3 del Coneixement, S.L. (d&#8217;ara endavant, Atalis Funding)<\/li>\n<li><strong>CIF:<\/strong> B64433436<\/li>\n<li><strong>Adre\u00e7a postal:<\/strong> Avinguda des Camp Verd, 4, Planta baixa, 07730, Alaior, Balears<\/li>\n<li><strong>Correu electr\u00f2nic:<\/strong> team@atalisfunding.com<\/li>\n<\/ul>\n[\/nectar_responsive_text][nectar_responsive_text inherited_font_style=&#8221;p&#8221; text_color=&#8221;#020347&#8243; text_direction=&#8221;default&#8221;]\n<h3><strong>QUIN TIPUS DE DADES TRACTEM?<\/strong><\/h3>\n<p>Depenent dels productes, serveis o funcionalitats dels quals vulgui gaudir en cada moment, necessitarem tractar unes dades o altres. En general, aquestes dades seran, segons el cas, les seg\u00fcents: <\/p>\n<p>&#8211; Les seves dades identificatives (per exemple: el seu nom, cognom, idioma, pa\u00eds des del qual interactua amb nosaltres, dades de contacte, etc.).<\/p>\n<p>&#8211; Dades de connexi\u00f3, geolocalitzaci\u00f3 i navegaci\u00f3 (en cas que interactu\u00ef amb nosaltres des del m\u00f2bil, per exemple).<\/p>\n<p>&#8211; Informaci\u00f3 comercial si estigu\u00e9s subscrit a la nostra newsletter.<\/p>\n<p>&#8211; Dades sobre els seus gustos i prefer\u00e8ncies.<\/p>\n<p>Recordi que, quan li demanem que ompli les seves dades personals per donar-li acc\u00e9s a alguna funcionalitat o servei del web, marcarem alguns camps com a obligatoris, ja que s\u00f3n dades que necessitem per poder prestar-li el servei o donar-li acc\u00e9s a la funcionalitat en q\u00fcesti\u00f3.<\/p>\n<p>Si us plau, tingui en compte que, si decideix no facilitar-nos aquestes dades, \u00e9s possible que no pugui completar el seu registre com a usuari o que no pugui gaudir d&#8217;aquests serveis o funcionalitats.[\/nectar_responsive_text][nectar_responsive_text inherited_font_style=&#8221;p&#8221; text_color=&#8221;#020347&#8243; text_direction=&#8221;default&#8221;]\n<h3><strong>AMB QUINA FINALITAT TRACTEM LES SEVES DADES PERSONALS?<\/strong><\/h3>\n<p>Depenent de com interactu\u00ef amb la nostra web, tractarem les seves dades personals per a les finalitats seg\u00fcents:<\/p>\n<p><strong>1.- Per atendre les sol\u00b7licituds o peticions que realitzi a trav\u00e9s dels diferents mitjans incorporats a la nostra web. <\/strong>Nom\u00e9s tractem les dades personals que siguin estrictament necess\u00e0ries per gestionar o resoldre la seva sol\u00b7licitud o petici\u00f3.<\/p>\n<p><strong>2.- Per a finalitats de m\u00e0rqueting. <\/strong>En la mesura que se subscrigui a la nostra Newsletter, les seves dades personals seran utilitzades per a la remissi\u00f3 peri\u00f2dica de butlletins informatius de l&#8217;empresa.<\/p>\n<p>Ha de recordar que pot donar-se de baixa de la Newsletter, en qualsevol moment i sense cost, posant-se en contacte amb nosaltres a trav\u00e9s del correu electr\u00f2nic del responsable de tractament o seguint les indicacions que li oferirem en cada una de les nostres comunicacions.<\/p>\n<p><strong>3.- Per a la gesti\u00f3 de xarxes socials. <\/strong>En el cas que ens segueixi o ens contacti a trav\u00e9s de les diferents xarxes socials en les quals estem presents, tractarem les dades que vost\u00e8 ens proporcioni a trav\u00e9s de les mateixes, amb l&#8217;\u00fanica finalitat de donar resposta als seus missatges o comentaris i la gesti\u00f3 de la nostra llista de contactes. <\/p>\n<p><strong>4.- An\u00e0lisi d&#8217;usabilitat i de qualitat per a la millora dels nostres serveis (Cookies). <\/strong>Si accedeix a la nostra Plataforma, l&#8217;informem que tractarem les seves dades de navegaci\u00f3 per a finalitats anal\u00edtiques i estad\u00edstiques, \u00e9s a dir, per entendre la forma en qu\u00e8 els usuaris interactuen amb la nostra Plataforma i aix\u00ed ser capa\u00e7os d&#8217;introduir millores en la mateixa. Aix\u00ed mateix, en ocasions, realitzem accions i enquestes de qualitat destinades a con\u00e8ixer el grau de satisfacci\u00f3 dels nostres clients i usuaris i detectar aquelles \u00e0rees en les quals podem millorar.[\/nectar_responsive_text][nectar_responsive_text inherited_font_style=&#8221;p&#8221; text_color=&#8221;#020347&#8243; text_direction=&#8221;default&#8221;]\n<h3><strong>QUINA \u00c9S LA LEGITIMACI\u00d3 PER AL TRACTAMENT DE LES SEVES DADES? <\/strong><\/h3>\n<p>La base legal que ens permet tractar les seves dades personals tamb\u00e9 dep\u00e8n de la finalitat per a la qual les tractem; d&#8217;aquesta manera, trobarem diferents bases legals en virtut de les finalitats seg\u00fcents:<\/p>\n<p><strong>1.- Atenci\u00f3 a sol\u00b7licituds d&#8217;informaci\u00f3. <\/strong>La base legal per al tractament de les seves dades \u00e9s el consentiment informat per donar resposta a les consultes plantejades a trav\u00e9s de la p\u00e0gina web, cosa que suposa l&#8217;acceptaci\u00f3 d&#8217;aquestes condicions per part de l&#8217;interessat.<\/p>\n<p><strong>2.- M\u00e0rqueting. <\/strong>La base leg\u00edtima per tractar les seves dades amb finalitats de m\u00e0rqueting \u00e9s el consentiment que vost\u00e8 presta.<\/p>\n<p><strong>3.- Xarxes socials. <\/strong>La base de legitimaci\u00f3 \u00e9s el consentiment informat per donar resposta a les consultes plantejades a trav\u00e9s de la xarxa social, aix\u00ed com el moment en qu\u00e8 ens segueix i desitja formar part de la nostra llista de contactes.<\/p>\n<p><strong>4.- An\u00e0lisi d&#8217;usabilitat i de qualitat (Cookies). <\/strong>La base de legitimaci\u00f3 \u00e9s el consentiment prestat a la nostra web per a la instal\u00b7laci\u00f3 de les cookies que consideri oportunes.[\/nectar_responsive_text][nectar_responsive_text inherited_font_style=&#8221;p&#8221; text_color=&#8221;#020347&#8243; text_direction=&#8221;default&#8221;]\n<h3><strong>DURANT QUANT DE TEMPS CONSERVAREM LES SEVES DADES?<\/strong><\/h3>\n<p><strong>1.- Sol\u00b7licitud d&#8217;informaci\u00f3. <\/strong>Tractarem les seves dades durant el temps que sigui necessari per atendre la seva sol\u00b7licitud o petici\u00f3 i, posteriorment, 1 any.<\/p>\n<p><strong>2.- M\u00e0rqueting. <\/strong>Tractarem les seves dades fins que sol\u00b7liciti la baixa o cancel\u00b7li la seva subscripci\u00f3 a la newsletter.<\/p>\n<p><strong>3.- Xarxes socials. <\/strong>Tractarem les seves dades durant el temps que sigui necessari per atendre la seva sol\u00b7licitud o petici\u00f3 i mentre sigui seguidor del nostre perfil.[\/nectar_responsive_text][nectar_responsive_text inherited_font_style=&#8221;p&#8221; text_color=&#8221;#020347&#8243; text_direction=&#8221;default&#8221;]\n<h3><strong>COMPARTIREM LES SEVES DADES AMB TERCERS?<\/strong><\/h3>\n<p>Les dades personals no seran cedides o comunicades a tercers, tret que hi hagi una obligaci\u00f3 legal, obtinguem el seu consentiment expr\u00e9s o entenguem que existeix un inter\u00e8s leg\u00edtim per part nostra, que li ser\u00e0 degudament comunicat.<\/p>\n<p>No obstant aix\u00f2, l&#8217;informem que som presents a LinkedIn i X per mantenir els nostres seguidors informats respecte de les novetats i serveis de l&#8217;empresa.<\/p>\n<p>Vost\u00e8 pot accedir a aquestes xarxes socials de manera volunt\u00e0ria i a trav\u00e9s dels enlla\u00e7os disponibles a la mateixa p\u00e0gina web o accedint-hi directament i pel seu compte des del navegador o l&#8217;app instal\u00b7lada.<\/p>\n<p>Ha de saber que aquest lloc web no es fa responsable de l&#8217;\u00fas de les dades que aquestes xarxes socials poden realitzar. No obstant aix\u00f2, quan aquestes dades es generin a la xarxa social i derivin d&#8217;una interacci\u00f3 amb el nostre compte oficial, serem corresponsables del tractament juntament amb la xarxa social. <\/p>\n<p>Per poder consentir la nostra cessi\u00f3 des d&#8217;aquest lloc web i el tractament que es realitza de les seves dades, haur\u00e0 de llegir detingudament la pol\u00edtica de privadesa de la xarxa social a la qual desitgi accedir:<\/p>\n<p>&#8211; LinkedIn: https:\/\/es.linkedin.com\/legal\/privacy-policy<\/p>\n<p>&#8211; X: https:\/\/x.com\/es\/privacy<\/p>\n<p>D&#8217;aquesta manera, abans de clicar als logos de les RR. SS. presents a la nostra p\u00e0gina web, pot informar-se i realitzar un redireccionament amb coneixement previ del tractament de les seves dades i de manera volunt\u00e0ria.  <\/p>\n<p>Altres serveis tecnol\u00f2gics:<\/p>\n<p><strong>WhatsApp:<\/strong> https:\/\/www.whatsapp.com\/legal\/updates\/privacy-policy\/?lang=es<\/p>\n<p><strong>Transfer\u00e8ncies internacionals: <\/strong>Qualsevol transfer\u00e8ncia internacional de dades personals (per exemple, en el cas d&#8217;\u00fas de cookies, xarxes socials, etc.) es basar\u00e0 en el seu consentiment expr\u00e9s, en cas que no existeixi una decisi\u00f3 d&#8217;adequaci\u00f3, garanties adequades o una altra base legal que la legitimi.[\/nectar_responsive_text][nectar_responsive_text inherited_font_style=&#8221;p&#8221; text_color=&#8221;#020347&#8243; text_direction=&#8221;default&#8221;]\n<h3><strong>QUINS S\u00d3N ELS SEUS DRETS QUAN ENS FACILITA LES SEVES DADES? <\/strong><\/h3>\n<p>Ens comprometem a respectar la confidencialitat de les seves dades personals i a garantir-li l&#8217;exercici dels seus drets. Podr\u00e0 exercitar-los sense cap cost remetent-nos un correu electr\u00f2nic a la nostra adre\u00e7a <a href=\"mailto:team@atalisfunding.com\" target=\"_blank\" rel=\"noopener\">team@atalisfunding.com<\/a>, simplement indicant-nos el motiu de la seva sol\u00b7licitud i el dret que vol exercitar. <\/p>\n<p>En cas que ho considerem necessari per poder identificar-lo, podrem sol\u00b7licitar-li una c\u00f2pia d&#8217;un document acreditatiu de la seva identitat. En particular, independentment de la finalitat o la base legal en virtut de la qual tractem les seves dades, vost\u00e8 t\u00e9 dret a: <\/p>\n<p>Demanar-nos acc\u00e9s a les dades seves de les quals disposem.<\/p>\n<p>Demanar-nos que rectifiquem les dades de les quals ja disposem. Tingui en compte que, en facilitar-nos activament les seves dades personals per qualsevol via, garanteix que s\u00f3n certes i exactes i es compromet a notificar-nos qualsevol canvi o modificaci\u00f3 de les mateixes. <\/p>\n<p>Demanar-nos que suprimim les seves dades en la mesura que ja no siguin necess\u00e0ries per a la finalitat per a la qual necessitem tractar-les segons l&#8217;hem informat amb anterioritat, o en qu\u00e8 ja no comptem amb legitimaci\u00f3 per fer-ho.<\/p>\n<p>Demanar-nos que limitem el tractament de les seves dades, cosa que suposa que en determinats casos pugui sol\u00b7licitar-nos que suspenguem temporalment el tractament de les dades o que les conservem m\u00e9s enll\u00e0 del temps necessari quan pugui necessitar-ho. Si ens ha proporcionat el seu consentiment per al tractament de les seves dades per a qualsevol finalitat, tamb\u00e9 t\u00e9 dret a retirar-lo en qualsevol moment. <\/p>\n<p>Rebre aquelles dades personals que li incumbin i que ens hagi facilitat, en un format estructurat, d&#8217;\u00fas com\u00fa i lectura mec\u00e0nica, aix\u00ed com a transmetre&#8217;ls a un altre responsable del tractament.<\/p>\n<p>D&#8217;altra banda, quan el tractament de les seves dades estigui basat en el nostre inter\u00e8s leg\u00edtim, tamb\u00e9 tindr\u00e0 dret a oposar-se al tractament de les seves dades. Finalment, l&#8217;informem del seu dret a presentar una reclamaci\u00f3 davant l&#8217;autoritat de control en mat\u00e8ria de protecci\u00f3 de dades pertinent, en particular, davant l&#8217;Ag\u00e8ncia Espanyola de Protecci\u00f3 de Dades <a href=\"https:\/\/www.agpd.es\/portalwebAGPD\/index-ides-idphp.php\" target=\"_blank\" rel=\"noopener\">https:\/\/www.agpd.es\/portalwebAGPD\/index-ides-idphp.php<\/a>[\/nectar_responsive_text][nectar_responsive_text inherited_font_style=&#8221;p&#8221; text_color=&#8221;#020347&#8243; text_direction=&#8221;default&#8221;]\n<h3><strong>CANVIS A LA POL\u00cdTICA DE PRIVADESA<\/strong><\/h3>\n<p>\u00c9s possible que modifiquem la informaci\u00f3 continguda en aquesta Pol\u00edtica de privadesa quan ho estimem convenient. En cas que ho fem, li ho notificarem per diferents vies a trav\u00e9s de la Plataforma, o fins i tot li ho comunicarem a la seva adre\u00e7a de correu electr\u00f2nic quan el canvi en q\u00fcesti\u00f3 sigui significatiu per a la seva privadesa, de manera que pugui revisar els canvis, valorar-los i, si escau, oposar-se o donar-se de baixa en algun servei o funcionalitat.[\/nectar_responsive_text][nectar_responsive_text inherited_font_style=&#8221;p&#8221; text_color=&#8221;#020347&#8243; text_direction=&#8221;default&#8221;]\n<h3><strong>INFORMACI\u00d3 SOBRE COOKIES <\/strong><\/h3>\n<p>Utilitzem cookies i dispositius similars per facilitar la seva navegaci\u00f3 a la Plataforma, con\u00e8ixer com interactua amb nosaltres i, en determinats casos, poder mostrar-li publicitat en funci\u00f3 dels seus h\u00e0bits de navegaci\u00f3. Si us plau, llegeixi la nostra Pol\u00edtica de Cookies per con\u00e8ixer amb m\u00e9s detall les cookies i dispositius similars que utilitzem, la seva finalitat i altra informaci\u00f3 d&#8217;inter\u00e8s.[\/nectar_responsive_text][\/vc_column][\/vc_row]\n","protected":false},"excerpt":{"rendered":"<p>[vc_row type=&#8221;in_container&#8221; full_screen_row_position=&#8221;middle&#8221; column_margin=&#8221;default&#8221; column_direction=&#8221;default&#8221; column_direction_tablet=&#8221;default&#8221; column_direction_phone=&#8221;default&#8221; scene_position=&#8221;center&#8221; text_color=&#8221;dark&#8221; text_align=&#8221;left&#8221; row_border_radius=&#8221;none&#8221; row_border_radius_applies=&#8221;bg&#8221; row_position_desktop=&#8221;default&#8221; row_position_tablet=&#8221;inherit&#8221; row_position_phone=&#8221;inherit&#8221; overflow=&#8221;visible&#8221; overlay_strength=&#8221;0.3&#8243; gradient_direction=&#8221;left_to_right&#8221; shape_divider_position=&#8221;bottom&#8221; bg_image_animation=&#8221;none&#8221;][vc_column column_padding=&#8221;no-extra-padding&#8221; column_padding_tablet=&#8221;inherit&#8221; column_padding_phone=&#8221;inherit&#8221; column_padding_position=&#8221;all&#8221; flex_gap_desktop=&#8221;10px&#8221; column_element_direction_desktop=&#8221;default&#8221; column_element_spacing=&#8221;default&#8221; desktop_text_alignment=&#8221;default&#8221; tablet_text_alignment=&#8221;default&#8221; phone_text_alignment=&#8221;default&#8221;&#8230;<\/p>\n","protected":false},"author":1,"featured_media":0,"parent":0,"menu_order":7,"comment_status":"closed","ping_status":"closed","template":"","meta":{"footnotes":""},"class_list":["post-1388","page","type-page","status-publish"],"yoast_head":"<!-- This site is optimized with the Yoast SEO Premium plugin v26.2 (Yoast SEO v26.8) - https:\/\/yoast.com\/product\/yoast-seo-premium-wordpress\/ -->\n<title>Pol\u00edtica de privadesa - Atalis Funding<\/title>\n<meta name=\"robots\" content=\"index, follow, max-snippet:-1, max-image-preview:large, max-video-preview:-1\" \/>\n<link rel=\"canonical\" href=\"https:\/\/atalisfunding.com\/ca\/politica-de-privadesa\/\" \/>\n<meta property=\"og:locale\" content=\"ca_ES\" \/>\n<meta property=\"og:type\" content=\"article\" \/>\n<meta property=\"og:title\" content=\"Pol\u00edtica de privadesa\" \/>\n<meta property=\"og:description\" content=\"[vc_row type=&#8221;in_container&#8221; full_screen_row_position=&#8221;middle&#8221; column_margin=&#8221;default&#8221; column_direction=&#8221;default&#8221; column_direction_tablet=&#8221;default&#8221; column_direction_phone=&#8221;default&#8221; scene_position=&#8221;center&#8221; text_color=&#8221;dark&#8221; text_align=&#8221;left&#8221; row_border_radius=&#8221;none&#8221; row_border_radius_applies=&#8221;bg&#8221; row_position_desktop=&#8221;default&#8221; row_position_tablet=&#8221;inherit&#8221; row_position_phone=&#8221;inherit&#8221; overflow=&#8221;visible&#8221; overlay_strength=&#8221;0.3&#8243; gradient_direction=&#8221;left_to_right&#8221; shape_divider_position=&#8221;bottom&#8221; bg_image_animation=&#8221;none&#8221;][vc_column column_padding=&#8221;no-extra-padding&#8221; column_padding_tablet=&#8221;inherit&#8221; column_padding_phone=&#8221;inherit&#8221; column_padding_position=&#8221;all&#8221; flex_gap_desktop=&#8221;10px&#8221; column_element_direction_desktop=&#8221;default&#8221; column_element_spacing=&#8221;default&#8221; desktop_text_alignment=&#8221;default&#8221; tablet_text_alignment=&#8221;default&#8221; phone_text_alignment=&#8221;default&#8221;...\" \/>\n<meta property=\"og:url\" content=\"https:\/\/atalisfunding.com\/ca\/politica-de-privadesa\/\" \/>\n<meta property=\"og:site_name\" content=\"Atalis Funding\" \/>\n<meta property=\"article:modified_time\" content=\"2026-01-26T09:56:24+00:00\" \/>\n<meta name=\"twitter:card\" content=\"summary_large_image\" \/>\n<meta name=\"twitter:site\" content=\"@atalisfunding\" \/>\n<meta name=\"twitter:label1\" content=\"Temps estimat de lectura\" \/>\n\t<meta name=\"twitter:data1\" content=\"10 minuts\" \/>\n<script type=\"application\/ld+json\" class=\"yoast-schema-graph\">{\"@context\":\"https:\/\/schema.org\",\"@graph\":[{\"@type\":\"WebPage\",\"@id\":\"https:\/\/atalisfunding.com\/ca\/politica-de-privadesa\/\",\"url\":\"https:\/\/atalisfunding.com\/ca\/politica-de-privadesa\/\",\"name\":\"Pol\u00edtica de privadesa - Atalis Funding\",\"isPartOf\":{\"@id\":\"https:\/\/atalisfunding.com\/ca\/#website\"},\"datePublished\":\"2025-10-30T09:59:42+00:00\",\"dateModified\":\"2026-01-26T09:56:24+00:00\",\"breadcrumb\":{\"@id\":\"https:\/\/atalisfunding.com\/ca\/politica-de-privadesa\/#breadcrumb\"},\"inLanguage\":\"ca\",\"potentialAction\":[{\"@type\":\"ReadAction\",\"target\":[\"https:\/\/atalisfunding.com\/ca\/politica-de-privadesa\/\"]}]},{\"@type\":\"BreadcrumbList\",\"@id\":\"https:\/\/atalisfunding.com\/ca\/politica-de-privadesa\/#breadcrumb\",\"itemListElement\":[{\"@type\":\"ListItem\",\"position\":1,\"name\":\"Home\",\"item\":\"https:\/\/atalisfunding.com\/ca\/\"},{\"@type\":\"ListItem\",\"position\":2,\"name\":\"Pol\u00edtica de privadesa\"}]},{\"@type\":\"WebSite\",\"@id\":\"https:\/\/atalisfunding.com\/ca\/#website\",\"url\":\"https:\/\/atalisfunding.com\/ca\/\",\"name\":\"Atalis Funding\",\"description\":\"\",\"publisher\":{\"@id\":\"https:\/\/atalisfunding.com\/ca\/#organization\"},\"potentialAction\":[{\"@type\":\"SearchAction\",\"target\":{\"@type\":\"EntryPoint\",\"urlTemplate\":\"https:\/\/atalisfunding.com\/ca\/?s={search_term_string}\"},\"query-input\":{\"@type\":\"PropertyValueSpecification\",\"valueRequired\":true,\"valueName\":\"search_term_string\"}}],\"inLanguage\":\"ca\"},{\"@type\":\"Organization\",\"@id\":\"https:\/\/atalisfunding.com\/ca\/#organization\",\"name\":\"Atalis Funding\",\"url\":\"https:\/\/atalisfunding.com\/ca\/\",\"logo\":{\"@type\":\"ImageObject\",\"inLanguage\":\"ca\",\"@id\":\"https:\/\/atalisfunding.com\/ca\/#\/schema\/logo\/image\/\",\"url\":\"https:\/\/atalisfunding.com\/wp-content\/uploads\/2025\/12\/logo-atalis.svg\",\"contentUrl\":\"https:\/\/atalisfunding.com\/wp-content\/uploads\/2025\/12\/logo-atalis.svg\",\"width\":1347,\"height\":241,\"caption\":\"Atalis Funding\"},\"image\":{\"@id\":\"https:\/\/atalisfunding.com\/ca\/#\/schema\/logo\/image\/\"},\"sameAs\":[\"https:\/\/x.com\/atalisfunding\",\"https:\/\/bsky.app\/profile\/atalisfunding.bsky.social\",\"https:\/\/www.linkedin.com\/company\/atalis-funding\/\"]}]}<\/script>\n<!-- \/ Yoast SEO Premium plugin. -->","yoast_head_json":{"title":"Pol\u00edtica de privadesa - Atalis Funding","robots":{"index":"index","follow":"follow","max-snippet":"max-snippet:-1","max-image-preview":"max-image-preview:large","max-video-preview":"max-video-preview:-1"},"canonical":"https:\/\/atalisfunding.com\/ca\/politica-de-privadesa\/","og_locale":"ca_ES","og_type":"article","og_title":"Pol\u00edtica de privadesa","og_description":"[vc_row type=&#8221;in_container&#8221; full_screen_row_position=&#8221;middle&#8221; column_margin=&#8221;default&#8221; column_direction=&#8221;default&#8221; column_direction_tablet=&#8221;default&#8221; column_direction_phone=&#8221;default&#8221; scene_position=&#8221;center&#8221; text_color=&#8221;dark&#8221; text_align=&#8221;left&#8221; row_border_radius=&#8221;none&#8221; row_border_radius_applies=&#8221;bg&#8221; row_position_desktop=&#8221;default&#8221; row_position_tablet=&#8221;inherit&#8221; row_position_phone=&#8221;inherit&#8221; overflow=&#8221;visible&#8221; overlay_strength=&#8221;0.3&#8243; gradient_direction=&#8221;left_to_right&#8221; shape_divider_position=&#8221;bottom&#8221; bg_image_animation=&#8221;none&#8221;][vc_column column_padding=&#8221;no-extra-padding&#8221; column_padding_tablet=&#8221;inherit&#8221; column_padding_phone=&#8221;inherit&#8221; column_padding_position=&#8221;all&#8221; flex_gap_desktop=&#8221;10px&#8221; column_element_direction_desktop=&#8221;default&#8221; column_element_spacing=&#8221;default&#8221; desktop_text_alignment=&#8221;default&#8221; tablet_text_alignment=&#8221;default&#8221; phone_text_alignment=&#8221;default&#8221;...","og_url":"https:\/\/atalisfunding.com\/ca\/politica-de-privadesa\/","og_site_name":"Atalis Funding","article_modified_time":"2026-01-26T09:56:24+00:00","twitter_card":"summary_large_image","twitter_site":"@atalisfunding","twitter_misc":{"Temps estimat de lectura":"10 minuts"},"schema":{"@context":"https:\/\/schema.org","@graph":[{"@type":"WebPage","@id":"https:\/\/atalisfunding.com\/ca\/politica-de-privadesa\/","url":"https:\/\/atalisfunding.com\/ca\/politica-de-privadesa\/","name":"Pol\u00edtica de privadesa - Atalis Funding","isPartOf":{"@id":"https:\/\/atalisfunding.com\/ca\/#website"},"datePublished":"2025-10-30T09:59:42+00:00","dateModified":"2026-01-26T09:56:24+00:00","breadcrumb":{"@id":"https:\/\/atalisfunding.com\/ca\/politica-de-privadesa\/#breadcrumb"},"inLanguage":"ca","potentialAction":[{"@type":"ReadAction","target":["https:\/\/atalisfunding.com\/ca\/politica-de-privadesa\/"]}]},{"@type":"BreadcrumbList","@id":"https:\/\/atalisfunding.com\/ca\/politica-de-privadesa\/#breadcrumb","itemListElement":[{"@type":"ListItem","position":1,"name":"Home","item":"https:\/\/atalisfunding.com\/ca\/"},{"@type":"ListItem","position":2,"name":"Pol\u00edtica de privadesa"}]},{"@type":"WebSite","@id":"https:\/\/atalisfunding.com\/ca\/#website","url":"https:\/\/atalisfunding.com\/ca\/","name":"Atalis Funding","description":"","publisher":{"@id":"https:\/\/atalisfunding.com\/ca\/#organization"},"potentialAction":[{"@type":"SearchAction","target":{"@type":"EntryPoint","urlTemplate":"https:\/\/atalisfunding.com\/ca\/?s={search_term_string}"},"query-input":{"@type":"PropertyValueSpecification","valueRequired":true,"valueName":"search_term_string"}}],"inLanguage":"ca"},{"@type":"Organization","@id":"https:\/\/atalisfunding.com\/ca\/#organization","name":"Atalis Funding","url":"https:\/\/atalisfunding.com\/ca\/","logo":{"@type":"ImageObject","inLanguage":"ca","@id":"https:\/\/atalisfunding.com\/ca\/#\/schema\/logo\/image\/","url":"https:\/\/atalisfunding.com\/wp-content\/uploads\/2025\/12\/logo-atalis.svg","contentUrl":"https:\/\/atalisfunding.com\/wp-content\/uploads\/2025\/12\/logo-atalis.svg","width":1347,"height":241,"caption":"Atalis Funding"},"image":{"@id":"https:\/\/atalisfunding.com\/ca\/#\/schema\/logo\/image\/"},"sameAs":["https:\/\/x.com\/atalisfunding","https:\/\/bsky.app\/profile\/atalisfunding.bsky.social","https:\/\/www.linkedin.com\/company\/atalis-funding\/"]}]}},"_links":{"self":[{"href":"https:\/\/atalisfunding.com\/ca\/wp-json\/wp\/v2\/pages\/1388","targetHints":{"allow":["GET"]}}],"collection":[{"href":"https:\/\/atalisfunding.com\/ca\/wp-json\/wp\/v2\/pages"}],"about":[{"href":"https:\/\/atalisfunding.com\/ca\/wp-json\/wp\/v2\/types\/page"}],"author":[{"embeddable":true,"href":"https:\/\/atalisfunding.com\/ca\/wp-json\/wp\/v2\/users\/1"}],"replies":[{"embeddable":true,"href":"https:\/\/atalisfunding.com\/ca\/wp-json\/wp\/v2\/comments?post=1388"}],"version-history":[{"count":2,"href":"https:\/\/atalisfunding.com\/ca\/wp-json\/wp\/v2\/pages\/1388\/revisions"}],"predecessor-version":[{"id":1390,"href":"https:\/\/atalisfunding.com\/ca\/wp-json\/wp\/v2\/pages\/1388\/revisions\/1390"}],"wp:attachment":[{"href":"https:\/\/atalisfunding.com\/ca\/wp-json\/wp\/v2\/media?parent=1388"}],"curies":[{"name":"wp","href":"https:\/\/api.w.org\/{rel}","templated":true}]}}