{"id":1385,"date":"2025-10-30T16:37:28","date_gmt":"2025-10-30T16:37:28","guid":{"rendered":"https:\/\/cyan-eagle-284148.hostingersite.com\/contacte\/"},"modified":"2026-01-28T12:04:36","modified_gmt":"2026-01-28T12:04:36","slug":"contacte","status":"publish","type":"page","link":"https:\/\/atalisfunding.com\/ca\/contacte\/","title":{"rendered":"Contacte"},"content":{"rendered":"[vc_row type=&#8221;full_width_content&#8221; full_screen_row_position=&#8221;middle&#8221; column_margin=&#8221;default&#8221; column_direction=&#8221;default&#8221; column_direction_tablet=&#8221;default&#8221; column_direction_phone=&#8221;default&#8221; bg_color=&#8221;#F5FBFA&#8221; scene_position=&#8221;center&#8221; top_padding=&#8221;5%&#8221; bottom_padding=&#8221;2%&#8221; left_padding_desktop=&#8221;15%&#8221; constrain_group_2=&#8221;yes&#8221; right_padding_desktop=&#8221;15%&#8221; left_padding_tablet=&#8221;7%&#8221; constrain_group_4=&#8221;yes&#8221; right_padding_tablet=&#8221;7%&#8221; text_color=&#8221;dark&#8221; text_align=&#8221;center&#8221; row_border_radius=&#8221;none&#8221; row_border_radius_applies=&#8221;bg&#8221; row_position_desktop=&#8221;default&#8221; row_position_tablet=&#8221;inherit&#8221; row_position_phone=&#8221;inherit&#8221; overflow=&#8221;visible&#8221; overlay_strength=&#8221;0.3&#8243; gradient_direction=&#8221;left_to_right&#8221; shape_divider_position=&#8221;bottom&#8221; bg_image_animation=&#8221;none&#8221; gradient_type=&#8221;default&#8221; shape_type=&#8221;&#8221;][vc_column column_padding=&#8221;no-extra-padding&#8221; column_padding_tablet=&#8221;inherit&#8221; column_padding_phone=&#8221;inherit&#8221; column_padding_position=&#8221;all&#8221; column_element_direction_desktop=&#8221;default&#8221; column_element_spacing=&#8221;default&#8221; centered_text=&#8221;true&#8221; desktop_text_alignment=&#8221;default&#8221; tablet_text_alignment=&#8221;default&#8221; phone_text_alignment=&#8221;default&#8221; background_color_opacity=&#8221;1&#8243; background_hover_color_opacity=&#8221;1&#8243; column_backdrop_filter=&#8221;none&#8221; column_shadow=&#8221;none&#8221; column_border_radius=&#8221;none&#8221; column_link_target=&#8221;_self&#8221; column_position=&#8221;default&#8221; gradient_direction=&#8221;left_to_right&#8221; overlay_strength=&#8221;0.3&#8243; width=&#8221;1\/1&#8243; tablet_width_inherit=&#8221;default&#8221; animation_type=&#8221;default&#8221; enable_animation=&#8221;true&#8221; animation=&#8221;fade-in-from-bottom&#8221; animation_easing=&#8221;default&#8221; bg_image_animation=&#8221;none&#8221; border_type=&#8221;simple&#8221; column_border_width=&#8221;none&#8221; column_border_style=&#8221;solid&#8221; column_padding_type=&#8221;default&#8221; content_layout=&#8221;default&#8221; gradient_type=&#8221;default&#8221;][split_line_heading line_reveal_by_space_text_effect=&#8221;none&#8221; font_style=&#8221;h2&#8243; stagger_animation=&#8221;true&#8221; content_alignment=&#8221;default&#8221; mobile_content_alignment=&#8221;center&#8221; animation_type=&#8221;line-reveal-by-space&#8221; link_target=&#8221;_self&#8221; text_content=&#8221;Contacteu amb Atalis Funding&#8221; font_size=&#8221;3.5vw&#8221; text_direction=&#8221;default&#8221; font_size_tablet=&#8221;5vw&#8221; font_size_phone=&#8221;6vw&#8221; font_line_height=&#8221;1.1&#8243;][\/split_line_heading][nectar_responsive_text inherited_font_style=&#8221;default&#8221; text_direction=&#8221;default&#8221; max_width=&#8221;750px&#8221;]\n<p style=\"text-align: center;\">Sol\u00b7licita una demostraci\u00f3 de la plataforma o reserveu una consultoria per a la vostra estrat\u00e8gia de finan\u00e7ament competitiu.<\/p>\n[\/nectar_responsive_text][\/vc_column][\/vc_row][vc_row type=&#8221;full_width_content&#8221; full_screen_row_position=&#8221;middle&#8221; column_margin=&#8221;default&#8221; column_direction=&#8221;default&#8221; column_direction_tablet=&#8221;default&#8221; column_direction_phone=&#8221;default&#8221; bg_color=&#8221;#F5FBFA&#8221; scene_position=&#8221;center&#8221; top_padding=&#8221;3%&#8221; constrain_group_1=&#8221;yes&#8221; bottom_padding=&#8221;3%&#8221; left_padding_desktop=&#8221;15%&#8221; constrain_group_2=&#8221;yes&#8221; right_padding_desktop=&#8221;15%&#8221; left_padding_tablet=&#8221;10%&#8221; constrain_group_4=&#8221;yes&#8221; right_padding_tablet=&#8221;10%&#8221; left_padding_phone=&#8221;7%&#8221; constrain_group_6=&#8221;yes&#8221; right_padding_phone=&#8221;7%&#8221; text_color=&#8221;dark&#8221; text_align=&#8221;center&#8221; row_border_radius=&#8221;none&#8221; row_border_radius_applies=&#8221;bg&#8221; row_position_desktop=&#8221;default&#8221; row_position_tablet=&#8221;inherit&#8221; row_position_phone=&#8221;inherit&#8221; overflow=&#8221;visible&#8221; overlay_strength=&#8221;0.3&#8243; gradient_direction=&#8221;left_to_right&#8221; shape_divider_position=&#8221;bottom&#8221; bg_image_animation=&#8221;none&#8221; gradient_type=&#8221;default&#8221; shape_type=&#8221;&#8221;][vc_column column_padding=&#8221;padding-7-percent&#8221; column_padding_tablet=&#8221;no-extra-padding&#8221; column_padding_phone=&#8221;inherit&#8221; column_padding_position=&#8221;left-right&#8221; column_element_direction_desktop=&#8221;default&#8221; column_element_spacing=&#8221;default&#8221; desktop_text_alignment=&#8221;default&#8221; tablet_text_alignment=&#8221;default&#8221; phone_text_alignment=&#8221;default&#8221; background_color_opacity=&#8221;1&#8243; background_hover_color_opacity=&#8221;1&#8243; column_backdrop_filter=&#8221;none&#8221; column_shadow=&#8221;none&#8221; column_border_radius=&#8221;none&#8221; column_link_target=&#8221;_self&#8221; column_position=&#8221;default&#8221; gradient_direction=&#8221;left_to_right&#8221; overlay_strength=&#8221;0.3&#8243; width=&#8221;1\/1&#8243; tablet_width_inherit=&#8221;default&#8221; animation_type=&#8221;default&#8221; enable_animation=&#8221;true&#8221; animation=&#8221;fade-in-from-bottom&#8221; animation_easing=&#8221;default&#8221; bg_image_animation=&#8221;none&#8221; border_type=&#8221;simple&#8221; column_border_width=&#8221;none&#8221; column_border_style=&#8221;solid&#8221; column_padding_type=&#8221;default&#8221; content_layout=&#8221;default&#8221; gradient_type=&#8221;default&#8221;][split_line_heading line_reveal_by_space_text_effect=&#8221;none&#8221; font_style=&#8221;h3&#8243; stagger_animation=&#8221;true&#8221; content_alignment=&#8221;default&#8221; mobile_content_alignment=&#8221;inherit&#8221; animation_type=&#8221;line-reveal-by-space&#8221; link_target=&#8221;_self&#8221; text_content=&#8221;Envia&#8217;ns un missatge&#8221; font_size=&#8221;2vw&#8221; text_direction=&#8221;default&#8221; font_size_tablet=&#8221;3.5vw&#8221; font_size_phone=&#8221;5vw&#8221; font_line_height=&#8221;1.1&#8243;][\/split_line_heading][divider line_type=&#8221;No Line&#8221; custom_height=&#8221;15px&#8221;][vc_column_text css=&#8221;&#8221; text_direction=&#8221;default&#8221;]<div id=\"quform-b39014\" class=\"quform quform-3 quform-position-center quform-support-page-caching\"><form id=\"quform-form-b39014\" class=\"quform-form quform-form-3\" action=\"\/ca\/wp-json\/wp\/v2\/pages\/1385#quform-b39014\" method=\"post\" enctype=\"multipart\/form-data\" novalidate=\"novalidate\" data-options=\"{&quot;id&quot;:3,&quot;uniqueId&quot;:&quot;b39014&quot;,&quot;theme&quot;:&quot;&quot;,&quot;ajax&quot;:true,&quot;logic&quot;:{&quot;logic&quot;:[],&quot;dependents&quot;:[],&quot;elementIds&quot;:[],&quot;dependentElementIds&quot;:[],&quot;animate&quot;:true},&quot;currentPageId&quot;:1,&quot;errorsIcon&quot;:&quot;&quot;,&quot;updateFancybox&quot;:true,&quot;hasPages&quot;:false,&quot;pages&quot;:[1],&quot;pageProgressType&quot;:&quot;numbers&quot;,&quot;tooltipsEnabled&quot;:true,&quot;tooltipClasses&quot;:&quot;qtip-quform-dark qtip-shadow&quot;,&quot;tooltipMy&quot;:&quot;left center&quot;,&quot;tooltipAt&quot;:&quot;right center&quot;,&quot;isRtl&quot;:false,&quot;scrollOffset&quot;:-50,&quot;scrollSpeed&quot;:800}\"><button class=\"quform-default-submit\" name=\"quform_submit\" type=\"submit\" value=\"submit\" aria-hidden=\"true\" tabindex=\"-1\"><\/button><div class=\"quform-form-inner quform-form-inner-3\"><input type=\"hidden\" name=\"quform_form_id\" value=\"3\" \/><input type=\"hidden\" name=\"quform_form_uid\" value=\"b39014\" \/><input type=\"hidden\" name=\"quform_count\" value=\"1\" \/><input type=\"hidden\" name=\"form_url\" value=\"https:\/\/atalisfunding.com\/ca\/wp-json\/wp\/v2\/pages\/1385\" \/><input type=\"hidden\" name=\"referring_url\" value=\"\" \/><input type=\"hidden\" name=\"post_id\" value=\"\" \/><input type=\"hidden\" name=\"post_title\" value=\"\" \/><input type=\"hidden\" name=\"quform_current_page_id\" value=\"1\" \/><input type=\"hidden\" name=\"quform_csrf_token\" value=\"YVCgKUFdtZjXNp5xx7i7ZtFcxMbuRZLj5EwBaX0U\" \/><div class=\"quform-elements quform-elements-3 quform-cf quform-responsive-elements-phone-landscape\"><div class=\"quform-element quform-element-page quform-page-1 quform-page-3_1 quform-cf quform-group-style-plain quform-first-page quform-last-page quform-current-page\"><div class=\"quform-child-elements\"><div class=\"quform-element quform-element-text quform-element-3_3 quform-cf quform-labels-inside quform-element-required\"><div class=\"quform-spacer\"><div class=\"quform-label quform-label-3_3\"><label class=\"quform-label-text\" for=\"quform_3_3_b39014\">El teu nom<span class=\"quform-required\">*<\/span><\/label><\/div><div class=\"quform-inner quform-inner-text quform-inner-3_3\"><div class=\"quform-input quform-input-text quform-input-3_3 quform-cf\"><input type=\"text\" id=\"quform_3_3_b39014\" name=\"quform_3_3\" class=\"quform-field quform-field-text quform-field-3_3\" \/><\/div><\/div><\/div><\/div><div class=\"quform-element quform-element-email quform-element-3_4 quform-cf quform-labels-inside quform-element-required\"><div class=\"quform-spacer\"><div class=\"quform-label quform-label-3_4\"><label class=\"quform-label-text\" for=\"quform_3_4_b39014\">El teu correu electr\u00f2nic<span class=\"quform-required\">*<\/span><\/label><\/div><div class=\"quform-inner quform-inner-email quform-inner-3_4\"><div class=\"quform-input quform-input-email quform-input-3_4 quform-cf\"><input type=\"email\" id=\"quform_3_4_b39014\" name=\"quform_3_4\" class=\"quform-field quform-field-email quform-field-3_4\" \/><\/div><\/div><\/div><\/div><div class=\"quform-element quform-element-textarea quform-element-3_6 quform-cf quform-labels-inside quform-element-required\"><div class=\"quform-spacer\"><div class=\"quform-label quform-label-3_6\"><label class=\"quform-label-text\" for=\"quform_3_6_b39014\">Missatge<span class=\"quform-required\">*<\/span><\/label><\/div><div class=\"quform-inner quform-inner-textarea quform-inner-3_6\"><div class=\"quform-input quform-input-textarea quform-input-3_6 quform-cf\"><textarea id=\"quform_3_6_b39014\" name=\"quform_3_6\" class=\"quform-field quform-field-textarea quform-field-3_6\"><\/textarea><\/div><\/div><\/div><\/div><div class=\"quform-element quform-element-row quform-element-row-3_28 quform-2-columns quform-element-row-size-fixed quform-responsive-columns-phone-landscape\"><div class=\"quform-element quform-element-column quform-element-3_29\"><div class=\"quform-element quform-element-checkbox quform-element-3_20 quform-cf quform-element-required\"><div class=\"quform-spacer\"><div class=\"quform-inner quform-inner-checkbox quform-inner-3_20\"><div class=\"quform-input quform-input-checkbox quform-input-3_20 quform-cf\"><div class=\"quform-options quform-cf quform-options-block quform-options-simple\"><div class=\"quform-option\"><input type=\"checkbox\" name=\"quform_3_20[]\" id=\"quform_3_20_b39014_1\" class=\"quform-field quform-field-checkbox quform-field-3_20 quform-field-3_20_1\" value=\"He llegit i accepto la &lt;a href=&quot;https:\/\/cyan-eagle-284148.hostingersite.com\/politica-de-privadesa\/?lang=ca&quot; target=&quot;_noblank&quot;&gt;pol\u00edtica de privadesa&lt;\/a&gt;.\" \/><label for=\"quform_3_20_b39014_1\" class=\"quform-option-label quform-option-label-3_20_1\"><span class=\"quform-option-text\">He llegit i accepto la <a href=\"https:\/\/cyan-eagle-284148.hostingersite.com\/politica-de-privadesa\/?lang=ca\" target=\"_noblank\">pol\u00edtica de privadesa<\/a>.<\/span><\/label><\/div><\/div><\/div><\/div><\/div><\/div><\/div><div class=\"quform-element quform-element-column quform-element-3_30\"><div class=\"quform-element quform-element-submit quform-element-3_2 quform-cf quform-button-style-theme quform-button-width-full\"><div class=\"quform-button-submit quform-button-submit-default quform-button-submit-3_2\"><button name=\"quform_submit\" type=\"submit\" class=\"quform-submit\" value=\"submit\"><span class=\"quform-button-text quform-button-submit-text\">Enviar<\/span><\/button><\/div><div class=\"quform-loading quform-loading-position-left quform-loading-type-spinner-1\"><div class=\"quform-loading-inner\"><div class=\"quform-loading-spinner\"><div class=\"quform-loading-spinner-inner\"><\/div><\/div><\/div><\/div><\/div><\/div><\/div><div class=\"quform-element quform-element-html quform-element-3_27 quform-cf\"><div class=\"quform-spacer\"><p style=\"font-size: 14px; line-height: 18px;\">Atalis Funding tractar\u00e0 les vostres dades personals per donar resposta a les sol\u00b7licituds d'informaci\u00f3 plantejades. Podeu exercir els vostres drets d'acc\u00e9s, rectificaci\u00f3, supressi\u00f3 i portabilitat de les vostres dades, de limitaci\u00f3 i oposici\u00f3 al vostre tractament, aix\u00ed com a no ser objecte de decisions basades \u00fanicament en el tractament automatitzat de les vostres dades, quan escaiguin, a l'adre\u00e7a de correu electr\u00f2nic team@atalisfunding.com<\/p>\n<p style=\"font-size: 14px; line-height: 18px;\">Us recomanem que llegiu la pol\u00edtica de privadesa abans de proporcionar-nos les vostres dades personals.<\/p>\n\n\n\n<\/div><\/div><div class=\"quform-element-tree\"><label for=\"quform_3_0_b39014\">This field should be left blank<\/label><input type=\"text\" id=\"quform_3_0_b39014\" name=\"quform_3_0\" class=\"quform-field quform-field-tree quform-field-3_0\" tabindex=\"-1\" autocomplete=\"off\" \/><\/div><\/div><\/div><\/div><\/div><\/form><\/div>[\/vc_column_text][\/vc_column][\/vc_row][vc_row type=&#8221;full_width_content&#8221; full_screen_row_position=&#8221;middle&#8221; column_margin=&#8221;default&#8221; column_direction=&#8221;default&#8221; column_direction_tablet=&#8221;default&#8221; column_direction_phone=&#8221;default&#8221; bg_color=&#8221;#F5FBFA&#8221; scene_position=&#8221;center&#8221; bottom_padding=&#8221;3%&#8221; left_padding_desktop=&#8221;15%&#8221; constrain_group_2=&#8221;yes&#8221; right_padding_desktop=&#8221;15%&#8221; left_padding_tablet=&#8221;7%&#8221; constrain_group_4=&#8221;yes&#8221; right_padding_tablet=&#8221;7%&#8221; text_color=&#8221;dark&#8221; text_align=&#8221;center&#8221; row_border_radius=&#8221;none&#8221; row_border_radius_applies=&#8221;bg&#8221; row_position_desktop=&#8221;default&#8221; row_position_tablet=&#8221;inherit&#8221; row_position_phone=&#8221;inherit&#8221; overflow=&#8221;visible&#8221; overlay_strength=&#8221;0.3&#8243; gradient_direction=&#8221;left_to_right&#8221; shape_divider_position=&#8221;bottom&#8221; bg_image_animation=&#8221;none&#8221; gradient_type=&#8221;default&#8221; shape_type=&#8221;&#8221;][vc_column column_padding=&#8221;no-extra-padding&#8221; column_padding_tablet=&#8221;inherit&#8221; column_padding_phone=&#8221;inherit&#8221; column_padding_position=&#8221;all&#8221; column_element_direction_desktop=&#8221;default&#8221; column_element_spacing=&#8221;default&#8221; desktop_text_alignment=&#8221;default&#8221; tablet_text_alignment=&#8221;default&#8221; phone_text_alignment=&#8221;default&#8221; background_color_opacity=&#8221;1&#8243; background_hover_color_opacity=&#8221;1&#8243; column_backdrop_filter=&#8221;none&#8221; column_shadow=&#8221;none&#8221; column_border_radius=&#8221;none&#8221; column_link_target=&#8221;_self&#8221; column_position=&#8221;default&#8221; gradient_direction=&#8221;left_to_right&#8221; overlay_strength=&#8221;0.3&#8243; width=&#8221;1\/1&#8243; tablet_width_inherit=&#8221;default&#8221; animation_type=&#8221;default&#8221; enable_animation=&#8221;true&#8221; animation=&#8221;fade-in-from-bottom&#8221; animation_easing=&#8221;default&#8221; bg_image_animation=&#8221;none&#8221; border_type=&#8221;simple&#8221; column_border_width=&#8221;none&#8221; column_border_style=&#8221;solid&#8221; column_padding_type=&#8221;default&#8221; content_layout=&#8221;default&#8221; gradient_type=&#8221;default&#8221;][nectar_responsive_text inherited_font_style=&#8221;h3&#8243; font_size_desktop=&#8221;2vw&#8221; font_line_height=&#8221;1&#8243; text_direction=&#8221;default&#8221; font_size_tablet=&#8221;3vw&#8221; font_size_phone=&#8221;3.5vw&#8221;]\n<h4>Centre Bit &#8211; Av. des Camp Verd, 4. 07730 Alaior (Menorca). Illes Balears<\/h4>\n[\/nectar_responsive_text][nectar_responsive_text inherited_font_style=&#8221;h3&#8243; font_size_desktop=&#8221;2vw&#8221; font_line_height=&#8221;1&#8243; text_direction=&#8221;default&#8221; font_size_tablet=&#8221;3vw&#8221; font_size_phone=&#8221;3.5vw&#8221;]\n<h4>hello@atalisfunding.com<\/h4>\n[\/nectar_responsive_text][\/vc_column][\/vc_row]\n","protected":false},"excerpt":{"rendered":"<p>[vc_row type=&#8221;full_width_content&#8221; full_screen_row_position=&#8221;middle&#8221; column_margin=&#8221;default&#8221; column_direction=&#8221;default&#8221; column_direction_tablet=&#8221;default&#8221; column_direction_phone=&#8221;default&#8221; bg_color=&#8221;#F5FBFA&#8221; scene_position=&#8221;center&#8221; top_padding=&#8221;5%&#8221; bottom_padding=&#8221;2%&#8221; left_padding_desktop=&#8221;15%&#8221; constrain_group_2=&#8221;yes&#8221; right_padding_desktop=&#8221;15%&#8221; left_padding_tablet=&#8221;7%&#8221; constrain_group_4=&#8221;yes&#8221; right_padding_tablet=&#8221;7%&#8221; text_color=&#8221;dark&#8221; text_align=&#8221;center&#8221; row_border_radius=&#8221;none&#8221; row_border_radius_applies=&#8221;bg&#8221; row_position_desktop=&#8221;default&#8221; row_position_tablet=&#8221;inherit&#8221; row_position_phone=&#8221;inherit&#8221; overflow=&#8221;visible&#8221; overlay_strength=&#8221;0.3&#8243; gradient_direction=&#8221;left_to_right&#8221; shape_divider_position=&#8221;bottom&#8221; bg_image_animation=&#8221;none&#8221; gradient_type=&#8221;default&#8221;&#8230;<\/p>\n","protected":false},"author":1,"featured_media":0,"parent":0,"menu_order":6,"comment_status":"closed","ping_status":"closed","template":"","meta":{"footnotes":""},"class_list":["post-1385","page","type-page","status-publish"],"yoast_head":"<!-- This site is optimized with the Yoast SEO Premium plugin v26.2 (Yoast SEO v26.8) - https:\/\/yoast.com\/product\/yoast-seo-premium-wordpress\/ -->\n<title>Contacte - Atalis Funding<\/title>\n<meta name=\"description\" content=\"Contacta amb Atalis Funding: sol\u00b7licita una demostraci\u00f3, reserva una consultoria o envia&#039;ns un missatge per impulsar el vostre finan\u00e7ament competitiu.\" \/>\n<meta name=\"robots\" content=\"index, follow, max-snippet:-1, max-image-preview:large, max-video-preview:-1\" \/>\n<link rel=\"canonical\" href=\"https:\/\/atalisfunding.com\/ca\/contacte\/\" \/>\n<meta property=\"og:locale\" content=\"ca_ES\" \/>\n<meta property=\"og:type\" content=\"article\" \/>\n<meta property=\"og:title\" content=\"Contacte\" \/>\n<meta property=\"og:description\" content=\"Contacta amb Atalis Funding: sol\u00b7licita una demostraci\u00f3, reserva una consultoria o envia&#039;ns un missatge per impulsar el vostre finan\u00e7ament competitiu.\" \/>\n<meta property=\"og:url\" content=\"https:\/\/atalisfunding.com\/ca\/contacte\/\" \/>\n<meta property=\"og:site_name\" content=\"Atalis Funding\" \/>\n<meta property=\"article:modified_time\" content=\"2026-01-28T12:04:36+00:00\" \/>\n<meta name=\"twitter:card\" content=\"summary_large_image\" \/>\n<meta name=\"twitter:site\" content=\"@atalisfunding\" \/>\n<meta name=\"twitter:label1\" content=\"Temps estimat de lectura\" \/>\n\t<meta name=\"twitter:data1\" content=\"1 minut\" \/>\n<script type=\"application\/ld+json\" class=\"yoast-schema-graph\">{\"@context\":\"https:\/\/schema.org\",\"@graph\":[{\"@type\":\"WebPage\",\"@id\":\"https:\/\/atalisfunding.com\/ca\/contacte\/\",\"url\":\"https:\/\/atalisfunding.com\/ca\/contacte\/\",\"name\":\"Contacte - Atalis Funding\",\"isPartOf\":{\"@id\":\"https:\/\/atalisfunding.com\/ca\/#website\"},\"datePublished\":\"2025-10-30T16:37:28+00:00\",\"dateModified\":\"2026-01-28T12:04:36+00:00\",\"description\":\"Contacta amb Atalis Funding: sol\u00b7licita una demostraci\u00f3, reserva una consultoria o envia'ns un missatge per impulsar el vostre finan\u00e7ament competitiu.\",\"breadcrumb\":{\"@id\":\"https:\/\/atalisfunding.com\/ca\/contacte\/#breadcrumb\"},\"inLanguage\":\"ca\",\"potentialAction\":[{\"@type\":\"ReadAction\",\"target\":[\"https:\/\/atalisfunding.com\/ca\/contacte\/\"]}]},{\"@type\":\"BreadcrumbList\",\"@id\":\"https:\/\/atalisfunding.com\/ca\/contacte\/#breadcrumb\",\"itemListElement\":[{\"@type\":\"ListItem\",\"position\":1,\"name\":\"Home\",\"item\":\"https:\/\/atalisfunding.com\/ca\/\"},{\"@type\":\"ListItem\",\"position\":2,\"name\":\"Contacte\"}]},{\"@type\":\"WebSite\",\"@id\":\"https:\/\/atalisfunding.com\/ca\/#website\",\"url\":\"https:\/\/atalisfunding.com\/ca\/\",\"name\":\"Atalis Funding\",\"description\":\"\",\"publisher\":{\"@id\":\"https:\/\/atalisfunding.com\/ca\/#organization\"},\"potentialAction\":[{\"@type\":\"SearchAction\",\"target\":{\"@type\":\"EntryPoint\",\"urlTemplate\":\"https:\/\/atalisfunding.com\/ca\/?s={search_term_string}\"},\"query-input\":{\"@type\":\"PropertyValueSpecification\",\"valueRequired\":true,\"valueName\":\"search_term_string\"}}],\"inLanguage\":\"ca\"},{\"@type\":\"Organization\",\"@id\":\"https:\/\/atalisfunding.com\/ca\/#organization\",\"name\":\"Atalis Funding\",\"url\":\"https:\/\/atalisfunding.com\/ca\/\",\"logo\":{\"@type\":\"ImageObject\",\"inLanguage\":\"ca\",\"@id\":\"https:\/\/atalisfunding.com\/ca\/#\/schema\/logo\/image\/\",\"url\":\"https:\/\/atalisfunding.com\/wp-content\/uploads\/2025\/12\/logo-atalis.svg\",\"contentUrl\":\"https:\/\/atalisfunding.com\/wp-content\/uploads\/2025\/12\/logo-atalis.svg\",\"width\":1347,\"height\":241,\"caption\":\"Atalis Funding\"},\"image\":{\"@id\":\"https:\/\/atalisfunding.com\/ca\/#\/schema\/logo\/image\/\"},\"sameAs\":[\"https:\/\/x.com\/atalisfunding\",\"https:\/\/bsky.app\/profile\/atalisfunding.bsky.social\",\"https:\/\/www.linkedin.com\/company\/atalis-funding\/\"]}]}<\/script>\n<!-- \/ Yoast SEO Premium plugin. -->","yoast_head_json":{"title":"Contacte - Atalis Funding","description":"Contacta amb Atalis Funding: sol\u00b7licita una demostraci\u00f3, reserva una consultoria o envia'ns un missatge per impulsar el vostre finan\u00e7ament competitiu.","robots":{"index":"index","follow":"follow","max-snippet":"max-snippet:-1","max-image-preview":"max-image-preview:large","max-video-preview":"max-video-preview:-1"},"canonical":"https:\/\/atalisfunding.com\/ca\/contacte\/","og_locale":"ca_ES","og_type":"article","og_title":"Contacte","og_description":"Contacta amb Atalis Funding: sol\u00b7licita una demostraci\u00f3, reserva una consultoria o envia'ns un missatge per impulsar el vostre finan\u00e7ament competitiu.","og_url":"https:\/\/atalisfunding.com\/ca\/contacte\/","og_site_name":"Atalis Funding","article_modified_time":"2026-01-28T12:04:36+00:00","twitter_card":"summary_large_image","twitter_site":"@atalisfunding","twitter_misc":{"Temps estimat de lectura":"1 minut"},"schema":{"@context":"https:\/\/schema.org","@graph":[{"@type":"WebPage","@id":"https:\/\/atalisfunding.com\/ca\/contacte\/","url":"https:\/\/atalisfunding.com\/ca\/contacte\/","name":"Contacte - Atalis Funding","isPartOf":{"@id":"https:\/\/atalisfunding.com\/ca\/#website"},"datePublished":"2025-10-30T16:37:28+00:00","dateModified":"2026-01-28T12:04:36+00:00","description":"Contacta amb Atalis Funding: sol\u00b7licita una demostraci\u00f3, reserva una consultoria o envia'ns un missatge per impulsar el vostre finan\u00e7ament competitiu.","breadcrumb":{"@id":"https:\/\/atalisfunding.com\/ca\/contacte\/#breadcrumb"},"inLanguage":"ca","potentialAction":[{"@type":"ReadAction","target":["https:\/\/atalisfunding.com\/ca\/contacte\/"]}]},{"@type":"BreadcrumbList","@id":"https:\/\/atalisfunding.com\/ca\/contacte\/#breadcrumb","itemListElement":[{"@type":"ListItem","position":1,"name":"Home","item":"https:\/\/atalisfunding.com\/ca\/"},{"@type":"ListItem","position":2,"name":"Contacte"}]},{"@type":"WebSite","@id":"https:\/\/atalisfunding.com\/ca\/#website","url":"https:\/\/atalisfunding.com\/ca\/","name":"Atalis Funding","description":"","publisher":{"@id":"https:\/\/atalisfunding.com\/ca\/#organization"},"potentialAction":[{"@type":"SearchAction","target":{"@type":"EntryPoint","urlTemplate":"https:\/\/atalisfunding.com\/ca\/?s={search_term_string}"},"query-input":{"@type":"PropertyValueSpecification","valueRequired":true,"valueName":"search_term_string"}}],"inLanguage":"ca"},{"@type":"Organization","@id":"https:\/\/atalisfunding.com\/ca\/#organization","name":"Atalis Funding","url":"https:\/\/atalisfunding.com\/ca\/","logo":{"@type":"ImageObject","inLanguage":"ca","@id":"https:\/\/atalisfunding.com\/ca\/#\/schema\/logo\/image\/","url":"https:\/\/atalisfunding.com\/wp-content\/uploads\/2025\/12\/logo-atalis.svg","contentUrl":"https:\/\/atalisfunding.com\/wp-content\/uploads\/2025\/12\/logo-atalis.svg","width":1347,"height":241,"caption":"Atalis Funding"},"image":{"@id":"https:\/\/atalisfunding.com\/ca\/#\/schema\/logo\/image\/"},"sameAs":["https:\/\/x.com\/atalisfunding","https:\/\/bsky.app\/profile\/atalisfunding.bsky.social","https:\/\/www.linkedin.com\/company\/atalis-funding\/"]}]}},"_links":{"self":[{"href":"https:\/\/atalisfunding.com\/ca\/wp-json\/wp\/v2\/pages\/1385","targetHints":{"allow":["GET"]}}],"collection":[{"href":"https:\/\/atalisfunding.com\/ca\/wp-json\/wp\/v2\/pages"}],"about":[{"href":"https:\/\/atalisfunding.com\/ca\/wp-json\/wp\/v2\/types\/page"}],"author":[{"embeddable":true,"href":"https:\/\/atalisfunding.com\/ca\/wp-json\/wp\/v2\/users\/1"}],"replies":[{"embeddable":true,"href":"https:\/\/atalisfunding.com\/ca\/wp-json\/wp\/v2\/comments?post=1385"}],"version-history":[{"count":4,"href":"https:\/\/atalisfunding.com\/ca\/wp-json\/wp\/v2\/pages\/1385\/revisions"}],"predecessor-version":[{"id":1551,"href":"https:\/\/atalisfunding.com\/ca\/wp-json\/wp\/v2\/pages\/1385\/revisions\/1551"}],"wp:attachment":[{"href":"https:\/\/atalisfunding.com\/ca\/wp-json\/wp\/v2\/media?parent=1385"}],"curies":[{"name":"wp","href":"https:\/\/api.w.org\/{rel}","templated":true}]}}